{"id":36,"date":"2021-12-10T14:17:43","date_gmt":"2021-12-10T13:17:43","guid":{"rendered":"http:\/\/5.8.114.65\/SitoSerman\/?page_id=36"},"modified":"2021-12-10T14:17:44","modified_gmt":"2021-12-10T13:17:44","slug":"asg-revolution","status":"publish","type":"page","link":"http:\/\/5.8.114.65\/SitoSerman\/asg-revolution\/","title":{"rendered":"ASG Revolution"},"content":{"rendered":"\n<p><strong>SOFTWARE E.R.P. CLIENT\/SERVER MULTIPIATTAFORMA A.S.G. Revolution<\/strong><\/p>\n\n\n\n<p>La competitivit\u00e0, la rapidit\u00e0 nell\u2019ottenere l\u2019informazione, il continuo cambiamento dei processi aziendali e delle strutture organizzative, sono problematiche che un\u2019azienda affronta quotidianamente.<\/p>\n\n\n\n<p>Quindi, diventa indispensabile avere uno strumento che aiuti nella gestione e nel coordinamento dei processi aziendali e organizzativi, alla pianificazione delle attivit\u00e0, con il fine di avere sotto controllo ogni aspetto della propria azienda e migliorare la propria competitivit\u00e0 sul mercato.<\/p>\n\n\n\n<p><strong>A.S.G. Revolution<\/strong> ha tradotto queste necessit\u00e0 in soluzioni informatiche, non limitandosi ad offrire semplicemente un applicativo gestionale che rappresenta la risposta alle vostre esigenze, ma una soluzione strategica che attraverso l\u2019integrazione di tutti i processi e delle funzioni, controlla l\u2019intera azienda, sia dal punto di vista organizzativo che funzionale, permettendogli di competere in maniera completa sui nuovi mercati.<\/p>\n\n\n\n<p>La realizzazione di un unico applicativo gestionale che consente di gestire ed integrare i diversi processi di elaborazione \u00e8 il risultato di una esperienza ultradecennale nel settore informatico\/organizzativo, e una lunga attivit\u00e0 di studio, miglioramento e perfezionamento del progetto, che ha consentito di mettere a punto un prodotto fondato su solide basi che fanno di <strong>A.S.G. Revolution<\/strong> non un semplice applicativo gestionale, ma una <strong>Piattaforma integrata E.R.P. <\/strong>, base di partenza per la realizzazione di sofisticate soluzione su misura per ogni esigenza aziendale.<\/p>\n\n\n\n<p><strong>A.S.G. Revolution<\/strong> oltre ad essere un applicativo facilmente personalizzabile, \u00e8 dotato a <strong>livello utente <\/strong>di un\u2019intera famiglia di strumenti che consentono di modificarlo e configurarlo in funzione delle mutevoli esigenze dell\u2019utente, senza utilizzare l\u2019intervento del sistemista.<\/p>\n\n\n\n<p>Quindi, Reports, Interrogazioni, maschere video, posta interna tra utenti, autorizzazioni, menu, ecc. sono facilmente personalizzabili ed integrabili direttamente dall\u2019utente.<\/p>\n\n\n\n<p>Naturalmente, tutti gli output prodotti, sono integrabili in maniera nativa con il mondo Office Microsoft, sono esportabili su archivi esterni in tutti i formati pi\u00f9 diffusi, ed inoltre vi \u00e8 la possibilit\u00e0 di spedirli via e-mail.<\/p>\n\n\n\n<p>La modularit\u00e0 e la vasta copertura funzionale sono alcune delle prerogative di <strong>A.S.G. Revolution <\/strong>che si compone di un insieme di moduli specializzati che integrano le diverse funzioni aziendali in un unico quadro gestionale, condizione fondamentale per il controllo dell\u2019azienda.<\/p>\n\n\n\n<p><strong>A.S.G. Revolution <\/strong>si articola in quattro sottosistemi specializzati; <strong>Amministrazione<\/strong>, <strong>Logistica- Vendite\/Acquisti<\/strong>, <strong>Pianificazione e Produzione<\/strong>, <strong>Controllo di Gestione<\/strong>, a sua volta composti da moduli strettamente integrati tra loro, che condividono ed integrano in tempo reale il patrimonio informativo aziendale.<\/p>\n\n\n\n<p>Grande attenzione \u00e8 stata posta nel garantire affidabilit\u00e0 alle basi dati e nel gestire il controllo di accesso alle informazioni.<\/p>\n\n\n\n<p>L\u2019organizzazione degli utenti in gruppi omogenei consente di gestire e limitare gli accessi ad ogni singola funzione del software, inoltre ogni operazione effettuata sul database contiene le informazione dell\u2019utente e della data dell\u2019operazione.<\/p>\n\n\n\n<p>Importante la gestione Multilingue che consente ad utenti di diverse lingue a visualizzare le maschere dell\u2019applicazione nella lingua prescelta.<\/p>\n\n\n\n<p>Una delle flessibilit\u00e0 funzionali \u00e8 la struttura del Piano dei Conti.<\/p>\n\n\n\n<p>Il Piano dei Conti ha un posizionamento ed una struttura variabile da due a sei livelli, quindi \u00e8 facilmente modificabile in qualsiasi momento, senza alcuna ripercussione sull\u2019applicativo.<\/p>\n\n\n\n<p>Altre delle principali flessibilit\u00e0 funzionali sono:<\/p>\n\n\n\n<p>La gestione di pi\u00f9 divisioni contabili, con possibilit\u00e0 di suddivisione dell\u2019azienda per settori logici e dipartimentali.<\/p>\n\n\n\n<p>La gestione dei Centri di Costo e delle commesse di contabilit\u00e0 industriale.<\/p>\n\n\n\n<p>La gestione di scritture contabili provvisorie per eventuali reports gestionali e di Co.An.<\/p>\n\n\n\n<p>La possibilit\u00e0 di effettuare ricerche su qualsiasi dato inserito.<\/p>\n\n\n\n<p>La gestione integrata dei Post-In (bigliettini di avviso) sia a livello anagrafico, sia sui documenti, sia a livello di messaggistica interna tra gli operatori, con possibilita di allegare e di spedire qualsiasi documento o immagine.<\/p>\n\n\n\n<p>Ed infine per la sicurezza della base dati del proprio sistema informativo, <strong>A.S.G. Revolution<\/strong> \u00e8 stato sviluppato per poter lavorare con uno dei migliori gestori di database in commercio (SQL Server) che garantisce l\u2019integrit\u00e0 referenziale dei dati inseriti, nonch\u00e8 la crescita informatica pressoch\u00e9 illimitata.<\/p>\n","protected":false},"excerpt":{"rendered":"<p>SOFTWARE E.R.P. CLIENT\/SERVER MULTIPIATTAFORMA A.S.G. Revolution La competitivit\u00e0, la rapidit\u00e0 nell\u2019ottenere l\u2019informazione, il continuo cambiamento dei processi aziendali e delle strutture organizzative, sono problematiche che &hellip;<\/p>\n","protected":false},"author":1,"featured_media":0,"parent":0,"menu_order":0,"comment_status":"closed","ping_status":"closed","template":"","meta":[],"_links":{"self":[{"href":"http:\/\/5.8.114.65\/SitoSerman\/wp-json\/wp\/v2\/pages\/36"}],"collection":[{"href":"http:\/\/5.8.114.65\/SitoSerman\/wp-json\/wp\/v2\/pages"}],"about":[{"href":"http:\/\/5.8.114.65\/SitoSerman\/wp-json\/wp\/v2\/types\/page"}],"author":[{"embeddable":true,"href":"http:\/\/5.8.114.65\/SitoSerman\/wp-json\/wp\/v2\/users\/1"}],"replies":[{"embeddable":true,"href":"http:\/\/5.8.114.65\/SitoSerman\/wp-json\/wp\/v2\/comments?post=36"}],"version-history":[{"count":1,"href":"http:\/\/5.8.114.65\/SitoSerman\/wp-json\/wp\/v2\/pages\/36\/revisions"}],"predecessor-version":[{"id":38,"href":"http:\/\/5.8.114.65\/SitoSerman\/wp-json\/wp\/v2\/pages\/36\/revisions\/38"}],"wp:attachment":[{"href":"http:\/\/5.8.114.65\/SitoSerman\/wp-json\/wp\/v2\/media?parent=36"}],"curies":[{"name":"wp","href":"https:\/\/api.w.org\/{rel}","templated":true}]}}